{"id":1187,"date":"2022-10-17T13:23:06","date_gmt":"2022-10-17T11:23:06","guid":{"rendered":"http:\/\/testartxray.online\/?page_id=1187"},"modified":"2023-09-08T08:04:41","modified_gmt":"2023-09-08T07:04:41","slug":"technical-data","status":"publish","type":"page","link":"https:\/\/artxray.com\/en\/produkt\/technische-daten\/","title":{"rendered":"Technical data"},"content":{"rendered":"\t\t<div data-elementor-type=\"wp-page\" data-elementor-id=\"1187\" class=\"elementor elementor-1187\" data-elementor-post-type=\"page\">\n\t\t\t\t\t\t<section class=\"elementor-section elementor-top-section elementor-element elementor-element-ee15fbb elementor-section-stretched elementor-section-boxed elementor-section-height-default elementor-section-height-default\" data-id=\"ee15fbb\" data-element_type=\"section\" data-e-type=\"section\" data-settings=\"{&quot;background_background&quot;:&quot;classic&quot;,&quot;stretch_section&quot;:&quot;section-stretched&quot;,&quot;animation_mobile&quot;:&quot;none&quot;,&quot;animation&quot;:&quot;none&quot;}\">\n\t\t\t\t\t\t\t<div class=\"elementor-background-overlay\"><\/div>\n\t\t\t\t\t\t\t<div class=\"elementor-container elementor-column-gap-default\">\n\t\t\t\t\t<div class=\"elementor-column elementor-col-100 elementor-top-column elementor-element elementor-element-aaf1cbe\" data-id=\"aaf1cbe\" data-element_type=\"column\" data-e-type=\"column\" data-settings=\"{&quot;animation_mobile&quot;:&quot;none&quot;}\">\n\t\t\t<div class=\"elementor-widget-wrap elementor-element-populated\">\n\t\t\t\t\t\t\t<\/div>\n\t\t<\/div>\n\t\t\t\t\t<\/div>\n\t\t<\/section>\n\t\t\t\t<section class=\"elementor-section elementor-top-section elementor-element elementor-element-29ecacf elementor-section-boxed elementor-section-height-default elementor-section-height-default\" data-id=\"29ecacf\" data-element_type=\"section\" data-e-type=\"section\">\n\t\t\t\t\t\t<div class=\"elementor-container elementor-column-gap-default\">\n\t\t\t\t\t<div class=\"elementor-column elementor-col-50 elementor-top-column elementor-element elementor-element-beae2c1\" data-id=\"beae2c1\" data-element_type=\"column\" data-e-type=\"column\">\n\t\t\t<div class=\"elementor-widget-wrap elementor-element-populated\">\n\t\t\t\t\t\t<section class=\"elementor-section elementor-inner-section elementor-element elementor-element-035424a elementor-section-full_width elementor-section-content-middle elementor-section-height-default elementor-section-height-default\" data-id=\"035424a\" data-element_type=\"section\" data-e-type=\"section\" data-settings=\"{&quot;sticky&quot;:&quot;top&quot;,&quot;sticky_offset&quot;:150,&quot;sticky_parent&quot;:&quot;yes&quot;,&quot;sticky_on&quot;:[&quot;desktop&quot;,&quot;tablet&quot;,&quot;mobile&quot;],&quot;sticky_effects_offset&quot;:0,&quot;sticky_anchor_link_offset&quot;:0}\">\n\t\t\t\t\t\t<div class=\"elementor-container elementor-column-gap-no\">\n\t\t\t\t\t<div class=\"elementor-column elementor-col-50 elementor-inner-column elementor-element elementor-element-80a3672\" data-id=\"80a3672\" data-element_type=\"column\" data-e-type=\"column\">\n\t\t\t<div class=\"elementor-widget-wrap elementor-element-populated\">\n\t\t\t\t\t\t<div class=\"elementor-element elementor-element-9d5e923 elementor-hidden-mobile elementor-widget elementor-widget-text-editor\" data-id=\"9d5e923\" data-element_type=\"widget\" data-e-type=\"widget\" data-widget_type=\"text-editor.default\">\n\t\t\t\t<div class=\"elementor-widget-container\">\n\t\t\t\t\t\t\t\t\t<p>Produkt<\/p>\t\t\t\t\t\t\t\t<\/div>\n\t\t\t\t<\/div>\n\t\t\t\t<div class=\"elementor-element elementor-element-a42c357 elementor-nav-menu__align-center elementor-hidden-tablet elementor-hidden-mobile elementor-nav-menu--dropdown-tablet elementor-nav-menu__text-align-aside elementor-nav-menu--toggle elementor-nav-menu--burger elementor-widget elementor-widget-nav-menu\" data-id=\"a42c357\" data-element_type=\"widget\" data-e-type=\"widget\" data-settings=\"{&quot;layout&quot;:&quot;vertical&quot;,&quot;submenu_icon&quot;:{&quot;value&quot;:&quot;&lt;i class=\\&quot;fas fa-caret-down\\&quot; aria-hidden=\\&quot;true\\&quot;&gt;&lt;\\\/i&gt;&quot;,&quot;library&quot;:&quot;fa-solid&quot;},&quot;toggle&quot;:&quot;burger&quot;}\" data-widget_type=\"nav-menu.default\">\n\t\t\t\t<div class=\"elementor-widget-container\">\n\t\t\t\t\t\t\t\t<nav aria-label=\"Menu\" class=\"elementor-nav-menu--main elementor-nav-menu__container elementor-nav-menu--layout-vertical e--pointer-text e--animation-grow\">\n\t\t\t\t<ul id=\"menu-1-a42c357\" class=\"elementor-nav-menu sm-vertical\"><li class=\"menu-item menu-item-type-post_type menu-item-object-page menu-item-1603\"><a href=\"https:\/\/artxray.com\/en\/produkt\/beschreibung\/\" class=\"elementor-item\">Beschreibung<\/a><\/li>\n<li class=\"menu-item menu-item-type-post_type menu-item-object-page menu-item-1604\"><a href=\"https:\/\/artxray.com\/en\/produkt\/funktionsprinzip\/\" class=\"elementor-item\">Funktionsprinzip<\/a><\/li>\n<li class=\"menu-item menu-item-type-post_type menu-item-object-page menu-item-1605\"><a href=\"https:\/\/artxray.com\/en\/produkt\/leistungsangebot\/\" class=\"elementor-item\">Leistungsangebot<\/a><\/li>\n<li class=\"menu-item menu-item-type-post_type menu-item-object-page menu-item-1608\"><a href=\"https:\/\/artxray.com\/en\/produkt\/technische-daten\/\" class=\"elementor-item\">Technische Daten<\/a><\/li>\n<li class=\"menu-item menu-item-type-post_type menu-item-object-page menu-item-1607\"><a href=\"https:\/\/artxray.com\/en\/produkt\/software-ix-pect\/\" class=\"elementor-item\">Software iX-Pect<\/a><\/li>\n<li class=\"menu-item menu-item-type-post_type menu-item-object-page menu-item-1606\"><a href=\"https:\/\/artxray.com\/en\/produkt\/roentgen-in-3d\/\" class=\"elementor-item\">R\u00f6ntgen in 3D<\/a><\/li>\n<\/ul>\t\t\t<\/nav>\n\t\t\t\t\t<div class=\"elementor-menu-toggle\" role=\"button\" tabindex=\"0\" aria-label=\"Menu Toggle\" aria-expanded=\"false\">\n\t\t\t<i aria-hidden=\"true\" role=\"presentation\" class=\"elementor-menu-toggle__icon--open eicon-menu-bar\"><\/i><i aria-hidden=\"true\" role=\"presentation\" class=\"elementor-menu-toggle__icon--close eicon-close\"><\/i>\t\t<\/div>\n\t\t\t\t\t<nav class=\"elementor-nav-menu--dropdown elementor-nav-menu__container\" aria-hidden=\"true\">\n\t\t\t\t<ul id=\"menu-2-a42c357\" class=\"elementor-nav-menu sm-vertical\"><li class=\"menu-item menu-item-type-post_type menu-item-object-page menu-item-1603\"><a href=\"https:\/\/artxray.com\/en\/produkt\/beschreibung\/\" class=\"elementor-item\" tabindex=\"-1\">Beschreibung<\/a><\/li>\n<li class=\"menu-item menu-item-type-post_type menu-item-object-page menu-item-1604\"><a href=\"https:\/\/artxray.com\/en\/produkt\/funktionsprinzip\/\" class=\"elementor-item\" tabindex=\"-1\">Funktionsprinzip<\/a><\/li>\n<li class=\"menu-item menu-item-type-post_type menu-item-object-page menu-item-1605\"><a href=\"https:\/\/artxray.com\/en\/produkt\/leistungsangebot\/\" class=\"elementor-item\" tabindex=\"-1\">Leistungsangebot<\/a><\/li>\n<li class=\"menu-item menu-item-type-post_type menu-item-object-page menu-item-1608\"><a href=\"https:\/\/artxray.com\/en\/produkt\/technische-daten\/\" class=\"elementor-item\" tabindex=\"-1\">Technische Daten<\/a><\/li>\n<li class=\"menu-item menu-item-type-post_type menu-item-object-page menu-item-1607\"><a href=\"https:\/\/artxray.com\/en\/produkt\/software-ix-pect\/\" class=\"elementor-item\" tabindex=\"-1\">Software iX-Pect<\/a><\/li>\n<li class=\"menu-item menu-item-type-post_type menu-item-object-page menu-item-1606\"><a href=\"https:\/\/artxray.com\/en\/produkt\/roentgen-in-3d\/\" class=\"elementor-item\" tabindex=\"-1\">R\u00f6ntgen in 3D<\/a><\/li>\n<\/ul>\t\t\t<\/nav>\n\t\t\t\t\t\t<\/div>\n\t\t\t\t<\/div>\n\t\t\t\t<div class=\"elementor-element elementor-element-3893540 elementor-nav-menu__align-center elementor-hidden-desktop elementor-nav-menu--dropdown-mobile elementor-nav-menu__text-align-aside elementor-nav-menu--toggle elementor-nav-menu--burger elementor-widget elementor-widget-nav-menu\" data-id=\"3893540\" data-element_type=\"widget\" data-e-type=\"widget\" data-settings=\"{&quot;layout&quot;:&quot;vertical&quot;,&quot;submenu_icon&quot;:{&quot;value&quot;:&quot;&lt;i class=\\&quot;fas fa-caret-down\\&quot; aria-hidden=\\&quot;true\\&quot;&gt;&lt;\\\/i&gt;&quot;,&quot;library&quot;:&quot;fa-solid&quot;},&quot;toggle&quot;:&quot;burger&quot;}\" data-widget_type=\"nav-menu.default\">\n\t\t\t\t<div class=\"elementor-widget-container\">\n\t\t\t\t\t\t\t\t<nav aria-label=\"Menu\" class=\"elementor-nav-menu--main elementor-nav-menu__container elementor-nav-menu--layout-vertical e--pointer-text e--animation-grow\">\n\t\t\t\t<ul id=\"menu-1-3893540\" class=\"elementor-nav-menu sm-vertical\"><li class=\"menu-item menu-item-type-post_type menu-item-object-page menu-item-1603\"><a href=\"https:\/\/artxray.com\/en\/produkt\/beschreibung\/\" class=\"elementor-item\">Beschreibung<\/a><\/li>\n<li class=\"menu-item menu-item-type-post_type menu-item-object-page menu-item-1604\"><a href=\"https:\/\/artxray.com\/en\/produkt\/funktionsprinzip\/\" class=\"elementor-item\">Funktionsprinzip<\/a><\/li>\n<li class=\"menu-item menu-item-type-post_type menu-item-object-page menu-item-1605\"><a href=\"https:\/\/artxray.com\/en\/produkt\/leistungsangebot\/\" class=\"elementor-item\">Leistungsangebot<\/a><\/li>\n<li class=\"menu-item menu-item-type-post_type menu-item-object-page menu-item-1608\"><a href=\"https:\/\/artxray.com\/en\/produkt\/technische-daten\/\" class=\"elementor-item\">Technische Daten<\/a><\/li>\n<li class=\"menu-item menu-item-type-post_type menu-item-object-page menu-item-1607\"><a href=\"https:\/\/artxray.com\/en\/produkt\/software-ix-pect\/\" class=\"elementor-item\">Software iX-Pect<\/a><\/li>\n<li class=\"menu-item menu-item-type-post_type menu-item-object-page menu-item-1606\"><a href=\"https:\/\/artxray.com\/en\/produkt\/roentgen-in-3d\/\" class=\"elementor-item\">R\u00f6ntgen in 3D<\/a><\/li>\n<\/ul>\t\t\t<\/nav>\n\t\t\t\t\t<div class=\"elementor-menu-toggle\" role=\"button\" tabindex=\"0\" aria-label=\"Menu Toggle\" aria-expanded=\"false\">\n\t\t\t<i aria-hidden=\"true\" role=\"presentation\" class=\"elementor-menu-toggle__icon--open eicon-menu-bar\"><\/i><i aria-hidden=\"true\" role=\"presentation\" class=\"elementor-menu-toggle__icon--close eicon-close\"><\/i>\t\t<\/div>\n\t\t\t\t\t<nav class=\"elementor-nav-menu--dropdown elementor-nav-menu__container\" aria-hidden=\"true\">\n\t\t\t\t<ul id=\"menu-2-3893540\" class=\"elementor-nav-menu sm-vertical\"><li class=\"menu-item menu-item-type-post_type menu-item-object-page menu-item-1603\"><a href=\"https:\/\/artxray.com\/en\/produkt\/beschreibung\/\" class=\"elementor-item\" tabindex=\"-1\">Beschreibung<\/a><\/li>\n<li class=\"menu-item menu-item-type-post_type menu-item-object-page menu-item-1604\"><a href=\"https:\/\/artxray.com\/en\/produkt\/funktionsprinzip\/\" class=\"elementor-item\" tabindex=\"-1\">Funktionsprinzip<\/a><\/li>\n<li class=\"menu-item menu-item-type-post_type menu-item-object-page menu-item-1605\"><a href=\"https:\/\/artxray.com\/en\/produkt\/leistungsangebot\/\" class=\"elementor-item\" tabindex=\"-1\">Leistungsangebot<\/a><\/li>\n<li class=\"menu-item menu-item-type-post_type menu-item-object-page menu-item-1608\"><a href=\"https:\/\/artxray.com\/en\/produkt\/technische-daten\/\" class=\"elementor-item\" tabindex=\"-1\">Technische Daten<\/a><\/li>\n<li class=\"menu-item menu-item-type-post_type menu-item-object-page menu-item-1607\"><a href=\"https:\/\/artxray.com\/en\/produkt\/software-ix-pect\/\" class=\"elementor-item\" tabindex=\"-1\">Software iX-Pect<\/a><\/li>\n<li class=\"menu-item menu-item-type-post_type menu-item-object-page menu-item-1606\"><a href=\"https:\/\/artxray.com\/en\/produkt\/roentgen-in-3d\/\" class=\"elementor-item\" tabindex=\"-1\">R\u00f6ntgen in 3D<\/a><\/li>\n<\/ul>\t\t\t<\/nav>\n\t\t\t\t\t\t<\/div>\n\t\t\t\t<\/div>\n\t\t\t\t\t<\/div>\n\t\t<\/div>\n\t\t\t\t<div class=\"elementor-column elementor-col-50 elementor-inner-column elementor-element elementor-element-c5342cb elementor-hidden-mobile\" data-id=\"c5342cb\" data-element_type=\"column\" data-e-type=\"column\">\n\t\t\t<div class=\"elementor-widget-wrap\">\n\t\t\t\t\t\t\t<\/div>\n\t\t<\/div>\n\t\t\t\t\t<\/div>\n\t\t<\/section>\n\t\t\t\t\t<\/div>\n\t\t<\/div>\n\t\t\t\t<div class=\"elementor-column elementor-col-50 elementor-top-column elementor-element elementor-element-8b35d4a\" data-id=\"8b35d4a\" data-element_type=\"column\" data-e-type=\"column\">\n\t\t\t<div class=\"elementor-widget-wrap elementor-element-populated\">\n\t\t\t\t\t\t<section class=\"elementor-section elementor-inner-section elementor-element elementor-element-e881d5f elementor-section-boxed elementor-section-height-default elementor-section-height-default\" data-id=\"e881d5f\" data-element_type=\"section\" data-e-type=\"section\">\n\t\t\t\t\t\t<div class=\"elementor-container elementor-column-gap-default\">\n\t\t\t\t\t<div class=\"elementor-column elementor-col-100 elementor-inner-column elementor-element elementor-element-99b2e61\" data-id=\"99b2e61\" data-element_type=\"column\" data-e-type=\"column\">\n\t\t\t<div class=\"elementor-widget-wrap elementor-element-populated\">\n\t\t\t\t\t\t<div class=\"elementor-element elementor-element-8afe430 elementor-invisible elementor-widget elementor-widget-text-editor\" data-id=\"8afe430\" data-element_type=\"widget\" data-e-type=\"widget\" data-settings=\"{&quot;_animation&quot;:&quot;fadeIn&quot;,&quot;_animation_mobile&quot;:&quot;none&quot;}\" data-widget_type=\"text-editor.default\">\n\t\t\t\t<div class=\"elementor-widget-container\">\n\t\t\t\t\t\t\t\t\t<p class=\"Web-berschriftklein\">Passende Komponenten f\u00fcr alle Anwendungen<\/p>\t\t\t\t\t\t\t\t<\/div>\n\t\t\t\t<\/div>\n\t\t\t\t<div class=\"elementor-element elementor-element-e16395e elementor-invisible elementor-widget elementor-widget-heading\" data-id=\"e16395e\" data-element_type=\"widget\" data-e-type=\"widget\" data-settings=\"{&quot;_animation&quot;:&quot;fadeIn&quot;,&quot;_animation_mobile&quot;:&quot;none&quot;}\" data-widget_type=\"heading.default\">\n\t\t\t\t<div class=\"elementor-widget-container\">\n\t\t\t\t\t<h3 class=\"elementor-heading-title elementor-size-default\">Unser Baukastensystem<\/h3>\t\t\t\t<\/div>\n\t\t\t\t<\/div>\n\t\t\t\t<div class=\"elementor-element elementor-element-f9b7bd2 elementor-invisible elementor-widget elementor-widget-text-editor\" data-id=\"f9b7bd2\" data-element_type=\"widget\" data-e-type=\"widget\" data-settings=\"{&quot;_animation&quot;:&quot;fadeIn&quot;,&quot;_animation_delay&quot;:100,&quot;_animation_mobile&quot;:&quot;none&quot;}\" data-widget_type=\"text-editor.default\">\n\t\t\t\t<div class=\"elementor-widget-container\">\n\t\t\t\t\t\t\t\t\t<p>Die Art X-Ray Anlagen werden nach kundenspezifischen Vorgaben zusammengestellt. Auf dieser Seite zeigen wir Ihnen die wesentlichen Komponenten, die zur Auswahl stehen. Die Angaben hier sind eher allgemein. Auf unseren Referenzseiten finden Sie konkrete Angaben zu den jeweiligen Anlagen der Museen.<\/p>\t\t\t\t\t\t\t\t<\/div>\n\t\t\t\t<\/div>\n\t\t\t\t<div class=\"elementor-element elementor-element-c012fee elementor-invisible elementor-widget elementor-widget-text-editor\" data-id=\"c012fee\" data-element_type=\"widget\" data-e-type=\"widget\" data-settings=\"{&quot;_animation&quot;:&quot;fadeIn&quot;,&quot;_animation_delay&quot;:100,&quot;_animation_mobile&quot;:&quot;none&quot;}\" data-widget_type=\"text-editor.default\">\n\t\t\t\t<div class=\"elementor-widget-container\">\n\t\t\t\t\t\t\t\t\t<p><span style=\"color: #333333;\"><strong>Das R\u00f6ntgensystem f\u00fcr die Strahlerzeugung<\/strong><\/span><\/p><p>Das R\u00f6ntgensystem legt fest, welche Objekte untersucht werden k\u00f6nnen. Wichtig ist hier vor Allem die R\u00f6ntgenspannung: Gem\u00e4lde auf Leinwand werden z. B. mit einer R\u00f6ntgenspannung zwischen 30 und 50 kV ger\u00f6ntgt, f\u00fcr Gem\u00e4lde auf Holz wird eine etwas h\u00f6here R\u00f6ntgenspannung ben\u00f6tigt. Wenn nicht nur Gem\u00e4lde und kleinere Objekte aus leichten Materialien durchleuchtet werden sollen, muss das R\u00f6ntgensystem f\u00fcr eine h\u00f6here R\u00f6ntgenspannung ausgelegt sein.<\/p>\t\t\t\t\t\t\t\t<\/div>\n\t\t\t\t<\/div>\n\t\t\t\t\t<\/div>\n\t\t<\/div>\n\t\t\t\t\t<\/div>\n\t\t<\/section>\n\t\t\t\t<section class=\"elementor-section elementor-inner-section elementor-element elementor-element-2c4e203 elementor-section-boxed elementor-section-height-default elementor-section-height-default\" data-id=\"2c4e203\" data-element_type=\"section\" data-e-type=\"section\" data-settings=\"{&quot;animation_mobile&quot;:&quot;none&quot;}\">\n\t\t\t\t\t\t<div class=\"elementor-container elementor-column-gap-default\">\n\t\t\t\t\t<div class=\"elementor-column elementor-col-100 elementor-inner-column elementor-element elementor-element-d6d21b0\" data-id=\"d6d21b0\" data-element_type=\"column\" data-e-type=\"column\">\n\t\t\t<div class=\"elementor-widget-wrap elementor-element-populated\">\n\t\t\t\t\t\t<div class=\"elementor-element elementor-element-81c75bf elementor-invisible elementor-widget elementor-widget-text-editor\" data-id=\"81c75bf\" data-element_type=\"widget\" data-e-type=\"widget\" data-settings=\"{&quot;_animation&quot;:&quot;zoomIn&quot;,&quot;_animation_mobile&quot;:&quot;none&quot;}\" data-widget_type=\"text-editor.default\">\n\t\t\t\t<div class=\"elementor-widget-container\">\n\t\t\t\t\t\t\t\t\t<div class=\"table-responsive \"><table class=\"table table-blue-1\"><tbody><tr style=\"background-color: darkgrey;\"><th scope=\"row\">R\u00f6ntgenr\u00f6hre<\/th><th scope=\"row\">rtw MCD 100-H3 \/ 1000<\/th><th scope=\"row\">rtw MCD 100-H3 \/ 1500<\/th><th scope=\"row\">Comet MXR-160\/21<\/th><th scope=\"row\">Varex HPC-160FB<\/th><\/tr><tr><th scope=\"row\">R\u00f6ntgenspannung<\/th><td>20 kV &#8211; 100 kV<\/td><td>20 kV &#8211; 100 kV<\/td><td>30 kV &#8211; 160 kV<\/td><td>20 kV &#8211; 160 kV<\/td><\/tr><tr><th scope=\"row\">max. R\u00f6ntgenleistung<\/th><td>1000 W<\/td><td>1500 W<\/td><td>1600 W<\/td><td>1600 W<\/td><\/tr><tr><th scope=\"row\">max. R\u00f6ntgenstrom<\/th><td>45 mA<\/td><td>45 mA<\/td><td>20 mA<\/td><td>20 mA<\/td><\/tr><tr><th scope=\"row\">Brennfleckgr\u00f6\u00dfe (EN 12543)<\/th><td>3,0 mm<\/td><td>3,0 mm<\/td><td>1,0 mm &amp; 3,0 mm<\/td><td>5,5 mm<\/td><\/tr><tr style=\"background-color: darkgrey;\"><th colspan=\"6\" scope=\"row\">Bei Bedarf setzen wir auch andere R\u00f6ntgenr\u00f6hren ein<\/th><\/tr><\/tbody><\/table><\/div>\t\t\t\t\t\t\t\t<\/div>\n\t\t\t\t<\/div>\n\t\t\t\t<div class=\"elementor-element elementor-element-6554fcc elementor-invisible elementor-widget elementor-widget-text-editor\" data-id=\"6554fcc\" data-element_type=\"widget\" data-e-type=\"widget\" data-settings=\"{&quot;_animation&quot;:&quot;fadeIn&quot;,&quot;_animation_delay&quot;:100,&quot;_animation_mobile&quot;:&quot;none&quot;}\" data-widget_type=\"text-editor.default\">\n\t\t\t\t<div class=\"elementor-widget-container\">\n\t\t\t\t\t\t\t\t\t<p><span style=\"color: #000000;\"><strong>Das R\u00f6ntgenzeilenkamerasystem f\u00fcr die Bilderfassung<\/strong><\/span><\/p><p>Die R\u00f6ntgenzeilenkameras nehmen die R\u00f6ntgenbilder im Scanverfahren auf und sind in verschiedenen L\u00e4ngen verf\u00fcgbar. Die effektive Sensorl\u00e4nge der Kamera legt die H\u00f6he des R\u00f6ntgenbildes fest, das in einem Durchgang erfasst werden kann. F\u00fcr h\u00f6here Objekte sind mehrere Scans erforderlich. Die Breite des Bildes ergibt sich aus der Breite der Anlage.<\/p>\t\t\t\t\t\t\t\t<\/div>\n\t\t\t\t<\/div>\n\t\t\t\t\t<\/div>\n\t\t<\/div>\n\t\t\t\t\t<\/div>\n\t\t<\/section>\n\t\t\t\t<div class=\"elementor-element elementor-element-84d6e74 elementor-invisible elementor-widget elementor-widget-text-editor\" data-id=\"84d6e74\" data-element_type=\"widget\" data-e-type=\"widget\" data-settings=\"{&quot;_animation&quot;:&quot;zoomIn&quot;,&quot;_animation_mobile&quot;:&quot;none&quot;}\" data-widget_type=\"text-editor.default\">\n\t\t\t\t<div class=\"elementor-widget-container\">\n\t\t\t\t\t\t\t\t\t<div>\n<table>\n<tbody>\n<tr style=\"background-color: darkgrey;\">\n<th scope=\"row\">Kameratyp<\/th>\n<th scope=\"row\">SEZ T3-640<\/th>\n<th scope=\"row\">SEZ T3-800<\/th>\n<th scope=\"row\">SEZ T3-960<\/th>\n<\/tr>\n<tr>\n<th scope=\"row\">effektive Sensorl\u00e4nge<\/th>\n<td>627 mm<\/td>\n<td>784 mm<\/td>\n<td>941 mm<\/td>\n<\/tr>\n<tr>\n<th scope=\"row\">Aufnahmeprinzip<\/th>\n<td colspan=\"3\">direktdigitale Bilderfassung im Scanverfahren<\/td>\n<\/tr>\n<tr>\n<th scope=\"row\">Aufl\u00f6sung<\/th>\n<td colspan=\"3\">300 DPI<br>12 Pixel \/ mm (Pixelgr\u00f6\u00dfe 83 &mu;m)<br>\nUnabh\u00e4ngig von der Gr\u00f6\u00dfe des R\u00f6ntgenbildes<\/td>\n<\/tr>\n<tr>\n<th scope=\"row\">Dynamikbereich<\/th>\n<td colspan=\"3\">12 Bit A\/D-Wandlung (4096 Graustufen)<\/td>\n<\/tr>\n<tr>\n<th scope=\"row\">Eigenschaften<\/th>\n<td colspan=\"3\" align=\"left\">\u2022 5 Jahre Garantie gegen Strahlensch\u00e4den<br>\n\u2022 Sehr robuste, industrietaugliche Bauweise<br>\n\u2022 Unempfindlich gegen\u00fcber Streustrahlung, daher erh\u00f6hte Bildqualit\u00e4t<br>\n\u2022 Made in Germany<\/td>\n<\/tr>\n<tr style=\"background-color: darkgrey;\">\n<th colspan=\"4\" scope=\"row\">Es sind sowohl k\u00fcrzere als auch l\u00e4ngere Kameras verf\u00fcgbar<\/th>\n<\/tr>\n<\/tbody>\n<\/table>\n<\/div>\t\t\t\t\t\t\t\t<\/div>\n\t\t\t\t<\/div>\n\t\t\t\t\t<\/div>\n\t\t<\/div>\n\t\t\t\t\t<\/div>\n\t\t<\/section>\n\t\t\t\t<section class=\"elementor-section elementor-top-section elementor-element elementor-element-58f4390 elementor-hidden-desktop elementor-hidden-tablet elementor-section-boxed elementor-section-height-default elementor-section-height-default\" data-id=\"58f4390\" data-element_type=\"section\" data-e-type=\"section\">\n\t\t\t\t\t\t<div class=\"elementor-container elementor-column-gap-default\">\n\t\t\t\t\t<div class=\"elementor-column elementor-col-50 elementor-top-column elementor-element elementor-element-8957b2e animated-fast elementor-invisible\" data-id=\"8957b2e\" data-element_type=\"column\" data-e-type=\"column\" data-settings=\"{&quot;animation&quot;:&quot;fadeInLeft&quot;,&quot;animation_mobile&quot;:&quot;none&quot;,&quot;animation_delay&quot;:500}\">\n\t\t\t<div class=\"elementor-widget-wrap elementor-element-populated\">\n\t\t\t\t\t\t<div class=\"elementor-element elementor-element-b82fb36 elementor-align-center elementor-mobile-align-left elementor-widget-mobile__width-inherit elementor-hidden-desktop elementor-hidden-tablet elementor-widget elementor-widget-button\" data-id=\"b82fb36\" data-element_type=\"widget\" data-e-type=\"widget\" data-widget_type=\"button.default\">\n\t\t\t\t<div class=\"elementor-widget-container\">\n\t\t\t\t\t\t\t\t\t<div class=\"elementor-button-wrapper\">\n\t\t\t\t\t<a class=\"elementor-button elementor-button-link elementor-size-sm\" href=\"https:\/\/artxray.com\/produkt\/leistungsangebot\/\">\n\t\t\t\t\t\t<span class=\"elementor-button-content-wrapper\">\n\t\t\t\t\t\t<span class=\"elementor-button-icon\">\n\t\t\t\t<i aria-hidden=\"true\" class=\"fas fa-arrow-alt-circle-left\"><\/i>\t\t\t<\/span>\n\t\t\t\t\t\t\t\t<\/span>\n\t\t\t\t\t<\/a>\n\t\t\t\t<\/div>\n\t\t\t\t\t\t\t\t<\/div>\n\t\t\t\t<\/div>\n\t\t\t\t<div class=\"elementor-element elementor-element-5c5616f elementor-widget elementor-widget-text-editor\" data-id=\"5c5616f\" data-element_type=\"widget\" data-e-type=\"widget\" data-widget_type=\"text-editor.default\">\n\t\t\t\t<div class=\"elementor-widget-container\">\n\t\t\t\t\t\t\t\t\t<p>Leistungsangebot<\/p>\t\t\t\t\t\t\t\t<\/div>\n\t\t\t\t<\/div>\n\t\t\t\t\t<\/div>\n\t\t<\/div>\n\t\t\t\t<div class=\"elementor-column elementor-col-50 elementor-top-column elementor-element elementor-element-3921b6e animated-fast elementor-invisible\" data-id=\"3921b6e\" data-element_type=\"column\" data-e-type=\"column\" data-settings=\"{&quot;animation&quot;:&quot;fadeInRight&quot;,&quot;animation_mobile&quot;:&quot;none&quot;,&quot;animation_delay&quot;:500}\">\n\t\t\t<div class=\"elementor-widget-wrap elementor-element-populated\">\n\t\t\t\t\t\t<div class=\"elementor-element elementor-element-f4cd8ac elementor-align-center elementor-mobile-align-right elementor-widget-mobile__width-inherit elementor-hidden-desktop elementor-hidden-tablet elementor-widget elementor-widget-button\" data-id=\"f4cd8ac\" data-element_type=\"widget\" data-e-type=\"widget\" data-widget_type=\"button.default\">\n\t\t\t\t<div class=\"elementor-widget-container\">\n\t\t\t\t\t\t\t\t\t<div class=\"elementor-button-wrapper\">\n\t\t\t\t\t<a class=\"elementor-button elementor-button-link elementor-size-sm\" href=\"https:\/\/artxray.com\/produkt\/software-ix-pect\/\">\n\t\t\t\t\t\t<span class=\"elementor-button-content-wrapper\">\n\t\t\t\t\t\t<span class=\"elementor-button-icon\">\n\t\t\t\t<i aria-hidden=\"true\" class=\"fas fa-arrow-alt-circle-right\"><\/i>\t\t\t<\/span>\n\t\t\t\t\t\t\t\t<\/span>\n\t\t\t\t\t<\/a>\n\t\t\t\t<\/div>\n\t\t\t\t\t\t\t\t<\/div>\n\t\t\t\t<\/div>\n\t\t\t\t<div class=\"elementor-element elementor-element-5ea8039 elementor-widget elementor-widget-text-editor\" data-id=\"5ea8039\" data-element_type=\"widget\" data-e-type=\"widget\" data-widget_type=\"text-editor.default\">\n\t\t\t\t<div class=\"elementor-widget-container\">\n\t\t\t\t\t\t\t\t\t<p>Software iX-Pect<\/p>\t\t\t\t\t\t\t\t<\/div>\n\t\t\t\t<\/div>\n\t\t\t\t\t<\/div>\n\t\t<\/div>\n\t\t\t\t\t<\/div>\n\t\t<\/section>\n\t\t\t\t<\/div>\n\t\t","protected":false},"excerpt":{"rendered":"<p>Produkt Passende Komponenten f\u00fcr alle Anwendungen Unser Baukastensystem Die Art X-Ray Anlagen werden nach kundenspezifischen Vorgaben zusammengestellt. Auf dieser Seite zeigen wir Ihnen die wesentlichen Komponenten, die zur Auswahl stehen. Die Angaben hier sind eher allgemein. Auf unseren Referenzseiten finden Sie konkrete Angaben zu den jeweiligen Anlagen der Museen. Das R\u00f6ntgensystem f\u00fcr die Strahlerzeugung Das [&hellip;]<\/p>\n","protected":false},"author":1,"featured_media":0,"parent":441,"menu_order":0,"comment_status":"closed","ping_status":"closed","template":"elementor_header_footer","meta":{"footnotes":""},"class_list":["post-1187","page","type-page","status-publish","hentry"],"_links":{"self":[{"href":"https:\/\/artxray.com\/en\/wp-json\/wp\/v2\/pages\/1187","targetHints":{"allow":["GET"]}}],"collection":[{"href":"https:\/\/artxray.com\/en\/wp-json\/wp\/v2\/pages"}],"about":[{"href":"https:\/\/artxray.com\/en\/wp-json\/wp\/v2\/types\/page"}],"author":[{"embeddable":true,"href":"https:\/\/artxray.com\/en\/wp-json\/wp\/v2\/users\/1"}],"replies":[{"embeddable":true,"href":"https:\/\/artxray.com\/en\/wp-json\/wp\/v2\/comments?post=1187"}],"version-history":[{"count":0,"href":"https:\/\/artxray.com\/en\/wp-json\/wp\/v2\/pages\/1187\/revisions"}],"up":[{"embeddable":true,"href":"https:\/\/artxray.com\/en\/wp-json\/wp\/v2\/pages\/441"}],"wp:attachment":[{"href":"https:\/\/artxray.com\/en\/wp-json\/wp\/v2\/media?parent=1187"}],"curies":[{"name":"wp","href":"https:\/\/api.w.org\/{rel}","templated":true}]}}