{"id":1370,"date":"2022-10-19T10:55:01","date_gmt":"2022-10-19T08:55:01","guid":{"rendered":"http:\/\/testartxray.online\/?page_id=1370"},"modified":"2023-09-15T16:28:13","modified_gmt":"2023-09-15T15:28:13","slug":"herzog-anton-ulrich-museum-brunswick","status":"publish","type":"page","link":"https:\/\/artxray.com\/en\/herzog-anton-ulrich-museum-braunschweig\/","title":{"rendered":"Herzog Anton Ulrich Museum Braunschweig"},"content":{"rendered":"\t\t<div data-elementor-type=\"wp-page\" data-elementor-id=\"1370\" class=\"elementor elementor-1370\" data-elementor-post-type=\"page\">\n\t\t\t\t\t\t<section class=\"elementor-section elementor-top-section elementor-element elementor-element-97a7ca5 elementor-section-stretched elementor-section-boxed elementor-section-height-default elementor-section-height-default\" data-id=\"97a7ca5\" data-element_type=\"section\" data-e-type=\"section\" data-settings=\"{&quot;background_background&quot;:&quot;classic&quot;,&quot;stretch_section&quot;:&quot;section-stretched&quot;,&quot;animation_mobile&quot;:&quot;none&quot;,&quot;animation&quot;:&quot;none&quot;}\">\n\t\t\t\t\t\t\t<div class=\"elementor-background-overlay\"><\/div>\n\t\t\t\t\t\t\t<div class=\"elementor-container elementor-column-gap-default\">\n\t\t\t\t\t<div class=\"elementor-column elementor-col-100 elementor-top-column elementor-element elementor-element-0c74b31\" data-id=\"0c74b31\" data-element_type=\"column\" data-e-type=\"column\" data-settings=\"{&quot;animation_mobile&quot;:&quot;none&quot;}\">\n\t\t\t<div class=\"elementor-widget-wrap elementor-element-populated\">\n\t\t\t\t\t\t\t<\/div>\n\t\t<\/div>\n\t\t\t\t\t<\/div>\n\t\t<\/section>\n\t\t\t\t<section class=\"elementor-section elementor-top-section elementor-element elementor-element-62732ce elementor-section-boxed elementor-section-height-default elementor-section-height-default\" data-id=\"62732ce\" data-element_type=\"section\" data-e-type=\"section\">\n\t\t\t\t\t\t<div class=\"elementor-container elementor-column-gap-default\">\n\t\t\t\t\t<div class=\"elementor-column elementor-col-50 elementor-top-column elementor-element elementor-element-b5ca95d\" data-id=\"b5ca95d\" data-element_type=\"column\" data-e-type=\"column\">\n\t\t\t<div class=\"elementor-widget-wrap elementor-element-populated\">\n\t\t\t\t\t\t<section class=\"elementor-section elementor-inner-section elementor-element elementor-element-17e82b1 elementor-section-full_width elementor-section-content-middle elementor-section-height-default elementor-section-height-default\" data-id=\"17e82b1\" data-element_type=\"section\" data-e-type=\"section\" data-settings=\"{&quot;sticky&quot;:&quot;top&quot;,&quot;sticky_offset&quot;:150,&quot;sticky_parent&quot;:&quot;yes&quot;,&quot;sticky_on&quot;:[&quot;desktop&quot;,&quot;tablet&quot;,&quot;mobile&quot;],&quot;sticky_effects_offset&quot;:0,&quot;sticky_anchor_link_offset&quot;:0}\">\n\t\t\t\t\t\t<div class=\"elementor-container elementor-column-gap-no\">\n\t\t\t\t\t<div class=\"elementor-column elementor-col-50 elementor-inner-column elementor-element elementor-element-3fd9d62\" data-id=\"3fd9d62\" data-element_type=\"column\" data-e-type=\"column\">\n\t\t\t<div class=\"elementor-widget-wrap elementor-element-populated\">\n\t\t\t\t\t\t<div class=\"elementor-element elementor-element-3cdcf22 elementor-hidden-mobile elementor-widget elementor-widget-text-editor\" data-id=\"3cdcf22\" data-element_type=\"widget\" data-e-type=\"widget\" data-widget_type=\"text-editor.default\">\n\t\t\t\t<div class=\"elementor-widget-container\">\n\t\t\t\t\t\t\t\t\t<p>Referenzen<\/p>\t\t\t\t\t\t\t\t<\/div>\n\t\t\t\t<\/div>\n\t\t\t\t<div class=\"elementor-element elementor-element-6a1f6cd elementor-nav-menu__align-center elementor-hidden-tablet elementor-hidden-mobile elementor-nav-menu--dropdown-tablet elementor-nav-menu__text-align-aside elementor-nav-menu--toggle elementor-nav-menu--burger elementor-widget elementor-widget-nav-menu\" data-id=\"6a1f6cd\" data-element_type=\"widget\" data-e-type=\"widget\" data-settings=\"{&quot;layout&quot;:&quot;vertical&quot;,&quot;submenu_icon&quot;:{&quot;value&quot;:&quot;&lt;i class=\\&quot;fas fa-caret-down\\&quot; aria-hidden=\\&quot;true\\&quot;&gt;&lt;\\\/i&gt;&quot;,&quot;library&quot;:&quot;fa-solid&quot;},&quot;toggle&quot;:&quot;burger&quot;}\" data-widget_type=\"nav-menu.default\">\n\t\t\t\t<div class=\"elementor-widget-container\">\n\t\t\t\t\t\t\t\t<nav aria-label=\"Menu\" class=\"elementor-nav-menu--main elementor-nav-menu__container elementor-nav-menu--layout-vertical e--pointer-text e--animation-grow\">\n\t\t\t\t<ul id=\"menu-1-6a1f6cd\" class=\"elementor-nav-menu sm-vertical\"><li class=\"menu-item menu-item-type-post_type menu-item-object-page menu-item-1733\"><a href=\"https:\/\/artxray.com\/en\/staedel-museum\/\" class=\"elementor-item\">St\u00e4del Museum<\/a><\/li>\n<li class=\"menu-item menu-item-type-post_type menu-item-object-page menu-item-1731\"><a href=\"https:\/\/artxray.com\/en\/schloss-belvedere\/\" class=\"elementor-item\">Museum Belvedere<\/a><\/li>\n<li class=\"menu-item menu-item-type-post_type menu-item-object-page menu-item-1732\"><a href=\"https:\/\/artxray.com\/en\/schloss-wilhelmshoehe\/\" class=\"elementor-item\">Schloss Wilhelmsh\u00f6he<\/a><\/li>\n<li class=\"menu-item menu-item-type-post_type menu-item-object-page menu-item-1729\"><a href=\"https:\/\/artxray.com\/en\/kunstmuseum-basel\/\" class=\"elementor-item\">Kunstmuseum Basel<\/a><\/li>\n<li class=\"menu-item menu-item-type-post_type menu-item-object-page menu-item-1730\"><a href=\"https:\/\/artxray.com\/en\/nationalmuseum-oslo\/\" class=\"elementor-item\">Nationalmuseum Oslo<\/a><\/li>\n<li class=\"menu-item menu-item-type-post_type menu-item-object-page menu-item-1728\"><a href=\"https:\/\/artxray.com\/en\/herzog-anton-ulrich-museum-braunschweig\/\" class=\"elementor-item\">HAUM Braunschweig<\/a><\/li>\n<\/ul>\t\t\t<\/nav>\n\t\t\t\t\t<div class=\"elementor-menu-toggle\" role=\"button\" tabindex=\"0\" aria-label=\"Menu Toggle\" aria-expanded=\"false\">\n\t\t\t<i aria-hidden=\"true\" role=\"presentation\" class=\"elementor-menu-toggle__icon--open eicon-menu-bar\"><\/i><i aria-hidden=\"true\" role=\"presentation\" class=\"elementor-menu-toggle__icon--close eicon-close\"><\/i>\t\t<\/div>\n\t\t\t\t\t<nav class=\"elementor-nav-menu--dropdown elementor-nav-menu__container\" aria-hidden=\"true\">\n\t\t\t\t<ul id=\"menu-2-6a1f6cd\" class=\"elementor-nav-menu sm-vertical\"><li class=\"menu-item menu-item-type-post_type menu-item-object-page menu-item-1733\"><a href=\"https:\/\/artxray.com\/en\/staedel-museum\/\" class=\"elementor-item\" tabindex=\"-1\">St\u00e4del Museum<\/a><\/li>\n<li class=\"menu-item menu-item-type-post_type menu-item-object-page menu-item-1731\"><a href=\"https:\/\/artxray.com\/en\/schloss-belvedere\/\" class=\"elementor-item\" tabindex=\"-1\">Museum Belvedere<\/a><\/li>\n<li class=\"menu-item menu-item-type-post_type menu-item-object-page menu-item-1732\"><a href=\"https:\/\/artxray.com\/en\/schloss-wilhelmshoehe\/\" class=\"elementor-item\" tabindex=\"-1\">Schloss Wilhelmsh\u00f6he<\/a><\/li>\n<li class=\"menu-item menu-item-type-post_type menu-item-object-page menu-item-1729\"><a href=\"https:\/\/artxray.com\/en\/kunstmuseum-basel\/\" class=\"elementor-item\" tabindex=\"-1\">Kunstmuseum Basel<\/a><\/li>\n<li class=\"menu-item menu-item-type-post_type menu-item-object-page menu-item-1730\"><a href=\"https:\/\/artxray.com\/en\/nationalmuseum-oslo\/\" class=\"elementor-item\" tabindex=\"-1\">Nationalmuseum Oslo<\/a><\/li>\n<li class=\"menu-item menu-item-type-post_type menu-item-object-page menu-item-1728\"><a href=\"https:\/\/artxray.com\/en\/herzog-anton-ulrich-museum-braunschweig\/\" class=\"elementor-item\" tabindex=\"-1\">HAUM Braunschweig<\/a><\/li>\n<\/ul>\t\t\t<\/nav>\n\t\t\t\t\t\t<\/div>\n\t\t\t\t<\/div>\n\t\t\t\t<div class=\"elementor-element elementor-element-64b66a6 elementor-nav-menu__align-center elementor-hidden-desktop elementor-nav-menu--dropdown-mobile elementor-nav-menu__text-align-aside elementor-nav-menu--toggle elementor-nav-menu--burger elementor-widget elementor-widget-nav-menu\" data-id=\"64b66a6\" data-element_type=\"widget\" data-e-type=\"widget\" data-settings=\"{&quot;layout&quot;:&quot;vertical&quot;,&quot;submenu_icon&quot;:{&quot;value&quot;:&quot;&lt;i class=\\&quot;fas fa-caret-down\\&quot; aria-hidden=\\&quot;true\\&quot;&gt;&lt;\\\/i&gt;&quot;,&quot;library&quot;:&quot;fa-solid&quot;},&quot;toggle&quot;:&quot;burger&quot;}\" data-widget_type=\"nav-menu.default\">\n\t\t\t\t<div class=\"elementor-widget-container\">\n\t\t\t\t\t\t\t\t<nav aria-label=\"Menu\" class=\"elementor-nav-menu--main elementor-nav-menu__container elementor-nav-menu--layout-vertical e--pointer-text e--animation-grow\">\n\t\t\t\t<ul id=\"menu-1-64b66a6\" class=\"elementor-nav-menu sm-vertical\"><li class=\"menu-item menu-item-type-post_type menu-item-object-page menu-item-1733\"><a href=\"https:\/\/artxray.com\/en\/staedel-museum\/\" class=\"elementor-item\">St\u00e4del Museum<\/a><\/li>\n<li class=\"menu-item menu-item-type-post_type menu-item-object-page menu-item-1731\"><a href=\"https:\/\/artxray.com\/en\/schloss-belvedere\/\" class=\"elementor-item\">Museum Belvedere<\/a><\/li>\n<li class=\"menu-item menu-item-type-post_type menu-item-object-page menu-item-1732\"><a href=\"https:\/\/artxray.com\/en\/schloss-wilhelmshoehe\/\" class=\"elementor-item\">Schloss Wilhelmsh\u00f6he<\/a><\/li>\n<li class=\"menu-item menu-item-type-post_type menu-item-object-page menu-item-1729\"><a href=\"https:\/\/artxray.com\/en\/kunstmuseum-basel\/\" class=\"elementor-item\">Kunstmuseum Basel<\/a><\/li>\n<li class=\"menu-item menu-item-type-post_type menu-item-object-page menu-item-1730\"><a href=\"https:\/\/artxray.com\/en\/nationalmuseum-oslo\/\" class=\"elementor-item\">Nationalmuseum Oslo<\/a><\/li>\n<li class=\"menu-item menu-item-type-post_type menu-item-object-page menu-item-1728\"><a href=\"https:\/\/artxray.com\/en\/herzog-anton-ulrich-museum-braunschweig\/\" class=\"elementor-item\">HAUM Braunschweig<\/a><\/li>\n<\/ul>\t\t\t<\/nav>\n\t\t\t\t\t<div class=\"elementor-menu-toggle\" role=\"button\" tabindex=\"0\" aria-label=\"Menu Toggle\" aria-expanded=\"false\">\n\t\t\t<i aria-hidden=\"true\" role=\"presentation\" class=\"elementor-menu-toggle__icon--open eicon-menu-bar\"><\/i><i aria-hidden=\"true\" role=\"presentation\" class=\"elementor-menu-toggle__icon--close eicon-close\"><\/i>\t\t<\/div>\n\t\t\t\t\t<nav class=\"elementor-nav-menu--dropdown elementor-nav-menu__container\" aria-hidden=\"true\">\n\t\t\t\t<ul id=\"menu-2-64b66a6\" class=\"elementor-nav-menu sm-vertical\"><li class=\"menu-item menu-item-type-post_type menu-item-object-page menu-item-1733\"><a href=\"https:\/\/artxray.com\/en\/staedel-museum\/\" class=\"elementor-item\" tabindex=\"-1\">St\u00e4del Museum<\/a><\/li>\n<li class=\"menu-item menu-item-type-post_type menu-item-object-page menu-item-1731\"><a href=\"https:\/\/artxray.com\/en\/schloss-belvedere\/\" class=\"elementor-item\" tabindex=\"-1\">Museum Belvedere<\/a><\/li>\n<li class=\"menu-item menu-item-type-post_type menu-item-object-page menu-item-1732\"><a href=\"https:\/\/artxray.com\/en\/schloss-wilhelmshoehe\/\" class=\"elementor-item\" tabindex=\"-1\">Schloss Wilhelmsh\u00f6he<\/a><\/li>\n<li class=\"menu-item menu-item-type-post_type menu-item-object-page menu-item-1729\"><a href=\"https:\/\/artxray.com\/en\/kunstmuseum-basel\/\" class=\"elementor-item\" tabindex=\"-1\">Kunstmuseum Basel<\/a><\/li>\n<li class=\"menu-item menu-item-type-post_type menu-item-object-page menu-item-1730\"><a href=\"https:\/\/artxray.com\/en\/nationalmuseum-oslo\/\" class=\"elementor-item\" tabindex=\"-1\">Nationalmuseum Oslo<\/a><\/li>\n<li class=\"menu-item menu-item-type-post_type menu-item-object-page menu-item-1728\"><a href=\"https:\/\/artxray.com\/en\/herzog-anton-ulrich-museum-braunschweig\/\" class=\"elementor-item\" tabindex=\"-1\">HAUM Braunschweig<\/a><\/li>\n<\/ul>\t\t\t<\/nav>\n\t\t\t\t\t\t<\/div>\n\t\t\t\t<\/div>\n\t\t\t\t\t<\/div>\n\t\t<\/div>\n\t\t\t\t<div class=\"elementor-column elementor-col-50 elementor-inner-column elementor-element elementor-element-677ae4d\" data-id=\"677ae4d\" data-element_type=\"column\" data-e-type=\"column\">\n\t\t\t<div class=\"elementor-widget-wrap\">\n\t\t\t\t\t\t\t<\/div>\n\t\t<\/div>\n\t\t\t\t\t<\/div>\n\t\t<\/section>\n\t\t\t\t\t<\/div>\n\t\t<\/div>\n\t\t\t\t<div class=\"elementor-column elementor-col-50 elementor-top-column elementor-element elementor-element-b7eeb64\" data-id=\"b7eeb64\" data-element_type=\"column\" data-e-type=\"column\">\n\t\t\t<div class=\"elementor-widget-wrap elementor-element-populated\">\n\t\t\t\t\t\t<div class=\"elementor-element elementor-element-bb4f120 elementor-invisible elementor-widget elementor-widget-text-editor\" data-id=\"bb4f120\" data-element_type=\"widget\" data-e-type=\"widget\" data-settings=\"{&quot;_animation&quot;:&quot;fadeIn&quot;,&quot;_animation_mobile&quot;:&quot;none&quot;}\" data-widget_type=\"text-editor.default\">\n\t\t\t\t<div class=\"elementor-widget-container\">\n\t\t\t\t\t\t\t\t\t<p>Die Art X-Ray R\u00f6ntgenanlage im<\/p>\t\t\t\t\t\t\t\t<\/div>\n\t\t\t\t<\/div>\n\t\t\t\t<div class=\"elementor-element elementor-element-fe2e36a elementor-invisible elementor-widget elementor-widget-heading\" data-id=\"fe2e36a\" data-element_type=\"widget\" data-e-type=\"widget\" data-settings=\"{&quot;_animation&quot;:&quot;fadeIn&quot;,&quot;_animation_mobile&quot;:&quot;none&quot;}\" data-widget_type=\"heading.default\">\n\t\t\t\t<div class=\"elementor-widget-container\">\n\t\t\t\t\t<h2 class=\"elementor-heading-title elementor-size-default\">Herzog Anton Ulrich-Museum<\/h2>\t\t\t\t<\/div>\n\t\t\t\t<\/div>\n\t\t\t\t<div class=\"elementor-element elementor-element-5e9e4ea elementor-invisible elementor-widget elementor-widget-text-editor\" data-id=\"5e9e4ea\" data-element_type=\"widget\" data-e-type=\"widget\" data-settings=\"{&quot;_animation&quot;:&quot;fadeIn&quot;,&quot;_animation_mobile&quot;:&quot;none&quot;}\" data-widget_type=\"text-editor.default\">\n\t\t\t\t<div class=\"elementor-widget-container\">\n\t\t\t\t\t\t\t\t\t<p>Braunschweig, Deutschland<\/p>\t\t\t\t\t\t\t\t<\/div>\n\t\t\t\t<\/div>\n\t\t\t\t<div class=\"elementor-element elementor-element-6900c30 elementor-widget__width-inherit elementor-invisible elementor-widget elementor-widget-image\" data-id=\"6900c30\" data-element_type=\"widget\" data-e-type=\"widget\" data-settings=\"{&quot;_animation&quot;:&quot;fadeIn&quot;,&quot;_animation_delay&quot;:100,&quot;_animation_mobile&quot;:&quot;none&quot;}\" data-widget_type=\"image.default\">\n\t\t\t\t<div class=\"elementor-widget-container\">\n\t\t\t\t\t\t\t\t\t\t\t\t\t\t\t<img fetchpriority=\"high\" decoding=\"async\" width=\"2560\" height=\"1707\" src=\"https:\/\/artxray.com\/wp-content\/uploads\/2022\/10\/Referenz-Braunschweig-scaled.jpg\" class=\"attachment-full size-full wp-image-1390\" alt=\"Vorbereitung der Untersuchung eines Gem\u00e4ldes mit dem R\u00f6ntgenger\u00e4t im Herzog Anton Ulrich Museum\" srcset=\"https:\/\/artxray.com\/wp-content\/uploads\/2022\/10\/Referenz-Braunschweig-scaled.jpg 2560w, https:\/\/artxray.com\/wp-content\/uploads\/2022\/10\/Referenz-Braunschweig-300x200.jpg 300w, https:\/\/artxray.com\/wp-content\/uploads\/2022\/10\/Referenz-Braunschweig-1024x683.jpg 1024w, https:\/\/artxray.com\/wp-content\/uploads\/2022\/10\/Referenz-Braunschweig-768x512.jpg 768w, https:\/\/artxray.com\/wp-content\/uploads\/2022\/10\/Referenz-Braunschweig-1536x1024.jpg 1536w, https:\/\/artxray.com\/wp-content\/uploads\/2022\/10\/Referenz-Braunschweig-2048x1366.jpg 2048w\" sizes=\"(max-width: 2560px) 100vw, 2560px\" \/>\t\t\t\t\t\t\t\t\t\t\t\t\t\t\t<\/div>\n\t\t\t\t<\/div>\n\t\t\t\t<div class=\"elementor-element elementor-element-8ef8bd4 elementor-invisible elementor-widget elementor-widget-heading\" data-id=\"8ef8bd4\" data-element_type=\"widget\" data-e-type=\"widget\" data-settings=\"{&quot;_animation&quot;:&quot;fadeIn&quot;,&quot;_animation_mobile&quot;:&quot;none&quot;}\" data-widget_type=\"heading.default\">\n\t\t\t\t<div class=\"elementor-widget-container\">\n\t\t\t\t\t<h2 class=\"elementor-heading-title elementor-size-default\">Technische Daten<\/h2>\t\t\t\t<\/div>\n\t\t\t\t<\/div>\n\t\t\t\t<div class=\"elementor-element elementor-element-28e7219 elementor-invisible elementor-widget elementor-widget-text-editor\" data-id=\"28e7219\" data-element_type=\"widget\" data-e-type=\"widget\" data-settings=\"{&quot;_animation&quot;:&quot;fadeIn&quot;,&quot;_animation_delay&quot;:100,&quot;_animation_mobile&quot;:&quot;none&quot;}\" data-widget_type=\"text-editor.default\">\n\t\t\t\t<div class=\"elementor-widget-container\">\n\t\t\t\t\t\t\t\t\t<table>\n<tbody>\n<tr>\n<td width=\"333\">maximal einspannbare Gem\u00e4ldegr\u00f6\u00dfe (B x H):<\/td>\n<td width=\"281\">243 cm x 380 cm<\/td>\n<\/tr>\n<tr>\n<td width=\"333\">maximale Gr\u00f6\u00dfe des R\u00f6ntgenbildes (B x H):<\/td>\n<td width=\"281\">212 cm x 270 cm<br>\n25.400 x 32.400 Pixel<br>\n824 Megapixel<\/td>\n<\/tr>\n<tr>\n<td width=\"333\">Aufl\u00f6sung des R\u00f6ntgenbildes:<\/td>\n<td width=\"281\">300 DPI<br>\nPixelgr\u00f6\u00dfe 0,083 mm<\/td>\n<\/tr>\n<tr>\n<td width=\"333\">R\u00f6ntgenanlage:<\/td>\n<td width=\"281\">20 kV &#8211; 160 kV<br>\n1600 W<\/td>\n<\/tr>\n<tr>\n<td width=\"333\">Besonderheiten:<\/td>\n<td width=\"281\">zwei Kameras f\u00fcr 3D-Aufnahmen<br>\nabnehmbarer Gem\u00e4ldehalter<\/td>\n<\/tr>\n<\/tbody>\n<\/table>\t\t\t\t\t\t\t\t<\/div>\n\t\t\t\t<\/div>\n\t\t\t\t<div class=\"elementor-element elementor-element-2176f27 elementor-invisible elementor-widget elementor-widget-text-editor\" data-id=\"2176f27\" data-element_type=\"widget\" data-e-type=\"widget\" data-settings=\"{&quot;_animation&quot;:&quot;fadeIn&quot;,&quot;_animation_mobile&quot;:&quot;none&quot;}\" data-widget_type=\"text-editor.default\">\n\t\t\t\t<div class=\"elementor-widget-container\">\n\t\t\t\t\t\t\t\t\t<p><strong>Der Fernsehsender SAT 1 brachte einen Bericht \u00fcber diese Anlage.<\/strong><br \/>Leider d\u00fcrfen wir aus rechtlichen Gr\u00fcnden diesen Bericht hier nicht zeigen. Sie k\u00f6nnen ihn aber in der SAT 1 Mediathek kostenfrei ansehen:<\/p>\t\t\t\t\t\t\t\t<\/div>\n\t\t\t\t<\/div>\n\t\t\t\t<div class=\"elementor-element elementor-element-fcd3889 animated-fast elementor-invisible elementor-widget elementor-widget-button\" data-id=\"fcd3889\" data-element_type=\"widget\" data-e-type=\"widget\" data-settings=\"{&quot;_animation&quot;:&quot;fadeInDown&quot;,&quot;_animation_delay&quot;:100,&quot;_animation_mobile&quot;:&quot;none&quot;}\" data-widget_type=\"button.default\">\n\t\t\t\t<div class=\"elementor-widget-container\">\n\t\t\t\t\t\t\t\t\t<div class=\"elementor-button-wrapper\">\n\t\t\t\t\t<a class=\"elementor-button elementor-button-link elementor-size-sm\" href=\"https:\/\/www.sat1regional.de\/neue-3d-roentgenanlage-hilft-bei-analyse-von-kunstobjekten-im-braunschweiger-museum\/\" target=\"_blank\" title=\"&quot;Neue 3D-R\u00f6ntgenanlage hilft bei Analyse von Kunstobjekten im Braunschweiger Museum&quot; in der SAT Medithek\" rel=\"noopener\">\n\t\t\t\t\t\t<span class=\"elementor-button-content-wrapper\">\n\t\t\t\t\t\t<span class=\"elementor-button-icon\">\n\t\t\t\t<i aria-hidden=\"true\" class=\"fas fa-external-link-alt\"><\/i>\t\t\t<\/span>\n\t\t\t\t\t\t\t\t\t<span class=\"elementor-button-text\">Zum Bericht in der SAT 1 Mediathek<\/span>\n\t\t\t\t\t<\/span>\n\t\t\t\t\t<\/a>\n\t\t\t\t<\/div>\n\t\t\t\t\t\t\t\t<\/div>\n\t\t\t\t<\/div>\n\t\t\t\t<div class=\"elementor-element elementor-element-64d2e87 elementor-invisible elementor-widget elementor-widget-text-editor\" data-id=\"64d2e87\" data-element_type=\"widget\" data-e-type=\"widget\" data-settings=\"{&quot;_animation&quot;:&quot;fadeIn&quot;,&quot;_animation_mobile&quot;:&quot;none&quot;}\" data-widget_type=\"text-editor.default\">\n\t\t\t\t<div class=\"elementor-widget-container\">\n\t\t\t\t\t\t\t\t\t<p><strong>&#8222;Wissenschaftler r\u00f6ntgen 300 Jahre alte Gem\u00e4lde \u2013 und entdecken Erstaunliches&#8220;<\/strong><br>Ein weiterer Bericht von SAT 1 befasst sich mit einem Gem\u00e4lde von Pascha Weitsch. Auch dieser Bericht steht in der SAT 1 Mediathek zur Verf\u00fcgung:<\/p>\t\t\t\t\t\t\t\t<\/div>\n\t\t\t\t<\/div>\n\t\t\t\t<div class=\"elementor-element elementor-element-ab6d91e animated-fast elementor-invisible elementor-widget elementor-widget-button\" data-id=\"ab6d91e\" data-element_type=\"widget\" data-e-type=\"widget\" data-settings=\"{&quot;_animation&quot;:&quot;fadeInDown&quot;,&quot;_animation_delay&quot;:100,&quot;_animation_mobile&quot;:&quot;none&quot;}\" data-widget_type=\"button.default\">\n\t\t\t\t<div class=\"elementor-widget-container\">\n\t\t\t\t\t\t\t\t\t<div class=\"elementor-button-wrapper\">\n\t\t\t\t\t<a class=\"elementor-button elementor-button-link elementor-size-sm\" href=\"https:\/\/www.sat1regional.de\/wissenschaftler-roentgen-300-jahre-alte-gemaelde-und-entdecken-erstaunliches\/\" target=\"_blank\" title=\"&quot;Wissenschaftler r\u00f6ntgen 300 Jahre alte Gem\u00e4lde \u2013 und entdecken Erstaunliches&quot; in der SAT 1 Medithek\" rel=\"noopener\">\n\t\t\t\t\t\t<span class=\"elementor-button-content-wrapper\">\n\t\t\t\t\t\t<span class=\"elementor-button-icon\">\n\t\t\t\t<i aria-hidden=\"true\" class=\"fas fa-external-link-alt\"><\/i>\t\t\t<\/span>\n\t\t\t\t\t\t\t\t\t<span class=\"elementor-button-text\">Bericht \u00fcber Pascha Weitsch in  der SAT 1 Mediathek<\/span>\n\t\t\t\t\t<\/span>\n\t\t\t\t\t<\/a>\n\t\t\t\t<\/div>\n\t\t\t\t\t\t\t\t<\/div>\n\t\t\t\t<\/div>\n\t\t\t\t\t<\/div>\n\t\t<\/div>\n\t\t\t\t\t<\/div>\n\t\t<\/section>\n\t\t\t\t<section class=\"elementor-section elementor-top-section elementor-element elementor-element-2c30652 elementor-hidden-desktop elementor-hidden-tablet elementor-section-boxed elementor-section-height-default elementor-section-height-default\" data-id=\"2c30652\" data-element_type=\"section\" data-e-type=\"section\">\n\t\t\t\t\t\t<div class=\"elementor-container elementor-column-gap-default\">\n\t\t\t\t\t<div class=\"elementor-column elementor-col-50 elementor-top-column elementor-element elementor-element-ac94737 animated-fast elementor-invisible\" data-id=\"ac94737\" data-element_type=\"column\" data-e-type=\"column\" data-settings=\"{&quot;animation&quot;:&quot;fadeInLeft&quot;,&quot;animation_mobile&quot;:&quot;none&quot;,&quot;animation_delay&quot;:500}\">\n\t\t\t<div class=\"elementor-widget-wrap elementor-element-populated\">\n\t\t\t\t\t\t<div class=\"elementor-element elementor-element-360bbb9 elementor-align-center elementor-mobile-align-left elementor-widget-mobile__width-inherit elementor-hidden-desktop elementor-hidden-tablet elementor-widget elementor-widget-button\" data-id=\"360bbb9\" data-element_type=\"widget\" data-e-type=\"widget\" data-widget_type=\"button.default\">\n\t\t\t\t<div class=\"elementor-widget-container\">\n\t\t\t\t\t\t\t\t\t<div class=\"elementor-button-wrapper\">\n\t\t\t\t\t<a class=\"elementor-button elementor-button-link elementor-size-sm\" href=\"https:\/\/artxray.com\/referenzen\/nationalmuseum-oslo\/\">\n\t\t\t\t\t\t<span class=\"elementor-button-content-wrapper\">\n\t\t\t\t\t\t<span class=\"elementor-button-icon\">\n\t\t\t\t<i aria-hidden=\"true\" class=\"fas fa-arrow-alt-circle-left\"><\/i>\t\t\t<\/span>\n\t\t\t\t\t\t\t\t<\/span>\n\t\t\t\t\t<\/a>\n\t\t\t\t<\/div>\n\t\t\t\t\t\t\t\t<\/div>\n\t\t\t\t<\/div>\n\t\t\t\t<div class=\"elementor-element elementor-element-523dd6d elementor-widget elementor-widget-text-editor\" data-id=\"523dd6d\" data-element_type=\"widget\" data-e-type=\"widget\" data-widget_type=\"text-editor.default\">\n\t\t\t\t<div class=\"elementor-widget-container\">\n\t\t\t\t\t\t\t\t\t<p>Nationalmuseum Oslo<\/p>\t\t\t\t\t\t\t\t<\/div>\n\t\t\t\t<\/div>\n\t\t\t\t\t<\/div>\n\t\t<\/div>\n\t\t\t\t<div class=\"elementor-column elementor-col-50 elementor-top-column elementor-element elementor-element-f0a8e71 animated-fast elementor-invisible\" data-id=\"f0a8e71\" data-element_type=\"column\" data-e-type=\"column\" data-settings=\"{&quot;animation&quot;:&quot;fadeInRight&quot;,&quot;animation_mobile&quot;:&quot;slideInRight&quot;,&quot;animation_delay&quot;:500}\">\n\t\t\t<div class=\"elementor-widget-wrap\">\n\t\t\t\t\t\t\t<\/div>\n\t\t<\/div>\n\t\t\t\t\t<\/div>\n\t\t<\/section>\n\t\t\t\t<\/div>\n\t\t","protected":false},"excerpt":{"rendered":"<p>Referenzen Die Art X-Ray R\u00f6ntgenanlage im Herzog Anton Ulrich-Museum Braunschweig, Deutschland Technische Daten maximal einspannbare Gem\u00e4ldegr\u00f6\u00dfe (B x H): 243 cm x 380 cm maximale Gr\u00f6\u00dfe des R\u00f6ntgenbildes (B x H): 212 cm x 270 cm 25.400 x 32.400 Pixel 824 Megapixel Aufl\u00f6sung des R\u00f6ntgenbildes: 300 DPI Pixelgr\u00f6\u00dfe 0,083 mm R\u00f6ntgenanlage: 20 kV &#8211; 160 [&hellip;]<\/p>\n","protected":false},"author":1,"featured_media":0,"parent":0,"menu_order":0,"comment_status":"closed","ping_status":"closed","template":"elementor_header_footer","meta":{"footnotes":""},"class_list":["post-1370","page","type-page","status-publish","hentry"],"_links":{"self":[{"href":"https:\/\/artxray.com\/en\/wp-json\/wp\/v2\/pages\/1370","targetHints":{"allow":["GET"]}}],"collection":[{"href":"https:\/\/artxray.com\/en\/wp-json\/wp\/v2\/pages"}],"about":[{"href":"https:\/\/artxray.com\/en\/wp-json\/wp\/v2\/types\/page"}],"author":[{"embeddable":true,"href":"https:\/\/artxray.com\/en\/wp-json\/wp\/v2\/users\/1"}],"replies":[{"embeddable":true,"href":"https:\/\/artxray.com\/en\/wp-json\/wp\/v2\/comments?post=1370"}],"version-history":[{"count":0,"href":"https:\/\/artxray.com\/en\/wp-json\/wp\/v2\/pages\/1370\/revisions"}],"wp:attachment":[{"href":"https:\/\/artxray.com\/en\/wp-json\/wp\/v2\/media?parent=1370"}],"curies":[{"name":"wp","href":"https:\/\/api.w.org\/{rel}","templated":true}]}}