{"id":1978,"date":"2022-11-21T14:02:32","date_gmt":"2022-11-21T12:02:32","guid":{"rendered":"http:\/\/testartxray.online\/?page_id=1978"},"modified":"2025-05-22T16:40:31","modified_gmt":"2025-05-22T15:40:31","slug":"impressum","status":"publish","type":"page","link":"https:\/\/artxray.com\/en\/impressum\/","title":{"rendered":"Imprint"},"content":{"rendered":"<div data-elementor-type=\"wp-page\" data-elementor-id=\"1978\" class=\"elementor elementor-1978\" data-elementor-post-type=\"page\">\n\t\t\t\t\t\t<section class=\"elementor-section elementor-top-section elementor-element elementor-element-988d1fe elementor-section-boxed elementor-section-height-default elementor-section-height-default\" data-id=\"988d1fe\" data-element_type=\"section\" data-e-type=\"section\">\n\t\t\t\t\t\t<div class=\"elementor-container elementor-column-gap-default\">\n\t\t\t\t\t<div class=\"elementor-column elementor-col-100 elementor-top-column elementor-element elementor-element-145521f\" data-id=\"145521f\" data-element_type=\"column\" data-e-type=\"column\">\n\t\t\t<div class=\"elementor-widget-wrap elementor-element-populated\">\n\t\t\t\t\t\t<div class=\"elementor-element elementor-element-f63ee2b elementor-widget elementor-widget-heading\" data-id=\"f63ee2b\" data-element_type=\"widget\" data-e-type=\"widget\" data-widget_type=\"heading.default\">\n\t\t\t\t<div class=\"elementor-widget-container\">\n\t\t\t\t\t<h2 class=\"elementor-heading-title elementor-size-default\">Imprint<\/h2>\t\t\t\t<\/div>\n\t\t\t\t<\/div>\n\t\t\t\t<div class=\"elementor-element elementor-element-4aa2ad9 elementor-widget elementor-widget-text-editor\" data-id=\"4aa2ad9\" data-element_type=\"widget\" data-e-type=\"widget\" data-widget_type=\"text-editor.default\">\n\t\t\t\t<div class=\"elementor-widget-container\">\n\t\t\t\t\t\t\t\t\t<p><b>Information according to \u00a7 5 TMG<\/b><br \/>NTB XRAY GmbH<br \/>Schoemastrasse 2<br \/>49356 Diepholz<br \/>Germany<\/p><p class=\"translation-block\">Registered: Amtsgericht Walsrode,  HRB 200613<\/p><p><strong>CEO:<\/strong><br \/>Simone Hahn, Lazaro Hahn<br \/><b>Contact<\/b><br \/>Phone: +49 5441 99 26 11<br \/>Fax: +49 5441 99 26 16<br \/>email: ntb@artxray.com<br \/><b>VAT identification<\/b><br \/>VAT identification number according to \u00a7 27 a Umsatzsteuergesetz:<br \/>DE 255092279<br \/><b>Consumer dispute resolution\/universal arbitration board<\/b><br \/>We are not willing or obliged to participate in dispute resolution proceedings at a consumer arbitration board.<\/p>\t\t\t\t\t\t\t\t<\/div>\n\t\t\t\t<\/div>\n\t\t\t\t\t<\/div>\n\t\t<\/div>\n\t\t\t\t\t<\/div>\n\t\t<\/section>\n\t\t\t\t<\/div>","protected":false},"excerpt":{"rendered":"<p>Impressum Angaben gem\u00e4\u00df \u00a7 5 TMGNTB XRAY GmbHSch\u00f6mastra\u00dfe 249356 DiepholzDeutschland Handelsregister: HRB 200613Registergericht: Amtsgericht Walsrode Gesch\u00e4ftsf\u00fchrung:Simone Hahn, Lazaro HahnKontaktTelefon: 05441 99 26 11Telefax: 05441 99 26 16E-Mail: ntb@artxray.comUmsatzsteuer-IDUmsatzsteuer-Identifikationsnummer gem\u00e4\u00df \u00a7 27 a Umsatzsteuergesetz:DE 255092279Verbraucher\u00adstreit\u00adbeilegung\/Universal\u00adschlichtungs\u00adstelleWir sind nicht bereit oder verpflichtet, an Streitbeilegungsverfahren vor einer Verbraucherschlichtungsstelle teilzunehmen.<\/p>","protected":false},"author":1,"featured_media":0,"parent":0,"menu_order":0,"comment_status":"closed","ping_status":"closed","template":"elementor_header_footer","meta":{"footnotes":""},"class_list":["post-1978","page","type-page","status-publish","hentry"],"_links":{"self":[{"href":"https:\/\/artxray.com\/en\/wp-json\/wp\/v2\/pages\/1978","targetHints":{"allow":["GET"]}}],"collection":[{"href":"https:\/\/artxray.com\/en\/wp-json\/wp\/v2\/pages"}],"about":[{"href":"https:\/\/artxray.com\/en\/wp-json\/wp\/v2\/types\/page"}],"author":[{"embeddable":true,"href":"https:\/\/artxray.com\/en\/wp-json\/wp\/v2\/users\/1"}],"replies":[{"embeddable":true,"href":"https:\/\/artxray.com\/en\/wp-json\/wp\/v2\/comments?post=1978"}],"version-history":[{"count":0,"href":"https:\/\/artxray.com\/en\/wp-json\/wp\/v2\/pages\/1978\/revisions"}],"wp:attachment":[{"href":"https:\/\/artxray.com\/en\/wp-json\/wp\/v2\/media?parent=1978"}],"curies":[{"name":"wp","href":"https:\/\/api.w.org\/{rel}","templated":true}]}}