{"id":445,"date":"2022-05-10T21:21:40","date_gmt":"2022-05-10T19:21:40","guid":{"rendered":"http:\/\/testartxray.online\/?page_id=445"},"modified":"2023-09-08T08:19:09","modified_gmt":"2023-09-08T07:19:09","slug":"about_us","status":"publish","type":"page","link":"https:\/\/artxray.com\/en\/ueber-uns\/","title":{"rendered":"About us"},"content":{"rendered":"<div data-elementor-type=\"wp-page\" data-elementor-id=\"445\" class=\"elementor elementor-445\" data-elementor-post-type=\"page\">\n\t\t\t\t\t\t<section class=\"elementor-section elementor-top-section elementor-element elementor-element-28dd21b elementor-section-stretched elementor-section-boxed elementor-section-height-default elementor-section-height-default\" data-id=\"28dd21b\" data-element_type=\"section\" data-e-type=\"section\" data-settings=\"{&quot;background_background&quot;:&quot;classic&quot;,&quot;stretch_section&quot;:&quot;section-stretched&quot;,&quot;animation_mobile&quot;:&quot;none&quot;,&quot;animation&quot;:&quot;none&quot;}\">\n\t\t\t\t\t\t\t<div class=\"elementor-background-overlay\"><\/div>\n\t\t\t\t\t\t\t<div class=\"elementor-container elementor-column-gap-default\">\n\t\t\t\t\t<div class=\"elementor-column elementor-col-100 elementor-top-column elementor-element elementor-element-be1637b\" data-id=\"be1637b\" data-element_type=\"column\" data-e-type=\"column\" data-settings=\"{&quot;animation_mobile&quot;:&quot;none&quot;}\">\n\t\t\t<div class=\"elementor-widget-wrap elementor-element-populated\">\n\t\t\t\t\t\t\t<\/div>\n\t\t<\/div>\n\t\t\t\t\t<\/div>\n\t\t<\/section>\n\t\t\t\t<section class=\"elementor-section elementor-top-section elementor-element elementor-element-538acb48 elementor-section-boxed elementor-section-height-default elementor-section-height-default\" data-id=\"538acb48\" data-element_type=\"section\" data-e-type=\"section\" data-settings=\"{&quot;background_background&quot;:&quot;classic&quot;}\">\n\t\t\t\t\t\t<div class=\"elementor-container elementor-column-gap-default\">\n\t\t\t\t\t<div class=\"elementor-column elementor-col-100 elementor-top-column elementor-element elementor-element-2eba8810\" data-id=\"2eba8810\" data-element_type=\"column\" data-e-type=\"column\">\n\t\t\t<div class=\"elementor-widget-wrap elementor-element-populated\">\n\t\t\t\t\t\t<div class=\"elementor-element elementor-element-3b1768f0 animated-fast elementor-invisible elementor-widget elementor-widget-heading\" data-id=\"3b1768f0\" data-element_type=\"widget\" data-e-type=\"widget\" data-settings=\"{&quot;_animation&quot;:&quot;fadeIn&quot;,&quot;_animation_delay&quot;:200,&quot;_animation_mobile&quot;:&quot;none&quot;}\" data-widget_type=\"heading.default\">\n\t\t\t\t<div class=\"elementor-widget-container\">\n\t\t\t\t\t<h2 class=\"elementor-heading-title elementor-size-default\">Our history<\/h2>\t\t\t\t<\/div>\n\t\t\t\t<\/div>\n\t\t\t\t<div class=\"elementor-element elementor-element-398d342 animated-fast elementor-invisible elementor-widget elementor-widget-text-editor\" data-id=\"398d342\" data-element_type=\"widget\" data-e-type=\"widget\" data-settings=\"{&quot;_animation&quot;:&quot;fadeIn&quot;,&quot;_animation_delay&quot;:300,&quot;_animation_mobile&quot;:&quot;none&quot;}\" data-widget_type=\"text-editor.default\">\n\t\t\t\t<div class=\"elementor-widget-container\">\n\t\t\t\t\t\t\t\t\t<p>NTB elektronische Ger\u00e4te GmbH was founded in 1995 and develops and produces digital line-scan X-ray cameras and X-ray scanners. These are used by system integrators and machine builders worldwide as subcomponents in X-ray machines.<\/p><p>NTB XRAY GmbH was founded in 2004 as a spin-off of NTB elektronische Ger\u00e4te GmbH. Based on the products of the parent company, we design, develop, and manufacture X-ray machines for end users from various fields.<\/p><p class=\"translation-block\">We offer a wide range of solutions, from the universal <a href=\"https:\/\/www.ntbxray.eu\/products_ndt\/x-ray_cabinet_dxc_3000\/description\/\" target=\"_blank\" rel=\"noopener\">X-ray cabinet DXC 3000 <i class=\"fas fa-external-link-alt\" aria-hidden=\"true\"><\/i><\/a> all the way down to completly customised X-ray machines. Our customers benefit from the long-standing experience of our employees, components manufactured in-house, and customer service that truly deserves the name. As a family-run medium-sized company, we are highly flexible and can respond to customer needs quickly.<\/p><p>As early as 2005, we built our first X-ray machine for the fluoroscopy of paintings on behalf of the University of Lisbon. This system was the precursor to today's Art  X-Ray machines. The first \"proper\" Art X-Ray machine was put into operation by the St\u00e4del Museum in Frankfurt in 2013.<\/p>\t\t\t\t\t\t\t\t<\/div>\n\t\t\t\t<\/div>\n\t\t\t\t\t<\/div>\n\t\t<\/div>\n\t\t\t\t\t<\/div>\n\t\t<\/section>\n\t\t\t\t<section class=\"elementor-section elementor-top-section elementor-element elementor-element-445f627e elementor-section-content-middle elementor-section-boxed elementor-section-height-default elementor-section-height-default\" data-id=\"445f627e\" data-element_type=\"section\" data-e-type=\"section\" data-settings=\"{&quot;background_background&quot;:&quot;classic&quot;}\">\n\t\t\t\t\t\t<div class=\"elementor-container elementor-column-gap-default\">\n\t\t\t\t\t<div class=\"elementor-column elementor-col-100 elementor-top-column elementor-element elementor-element-41961eee\" data-id=\"41961eee\" data-element_type=\"column\" data-e-type=\"column\">\n\t\t\t<div class=\"elementor-widget-wrap elementor-element-populated\">\n\t\t\t\t\t\t<section class=\"elementor-section elementor-inner-section elementor-element elementor-element-20a55d86 elementor-section-full_width elementor-section-height-default elementor-section-height-default\" data-id=\"20a55d86\" data-element_type=\"section\" data-e-type=\"section\">\n\t\t\t\t\t\t<div class=\"elementor-container elementor-column-gap-default\">\n\t\t\t\t\t<div class=\"elementor-column elementor-col-50 elementor-inner-column elementor-element elementor-element-5dc8b8a2\" data-id=\"5dc8b8a2\" data-element_type=\"column\" data-e-type=\"column\">\n\t\t\t<div class=\"elementor-widget-wrap elementor-element-populated\">\n\t\t\t\t\t\t<div class=\"elementor-element elementor-element-16f1acff animated-fast elementor-invisible elementor-widget elementor-widget-heading\" data-id=\"16f1acff\" data-element_type=\"widget\" data-e-type=\"widget\" data-settings=\"{&quot;_animation&quot;:&quot;fadeIn&quot;,&quot;_animation_delay&quot;:200,&quot;_animation_mobile&quot;:&quot;none&quot;}\" data-widget_type=\"heading.default\">\n\t\t\t\t<div class=\"elementor-widget-container\">\n\t\t\t\t\t<h2 class=\"elementor-heading-title elementor-size-default\">Our motivation<\/h2>\t\t\t\t<\/div>\n\t\t\t\t<\/div>\n\t\t\t\t<div class=\"elementor-element elementor-element-6e7668a animated-fast elementor-invisible elementor-widget elementor-widget-text-editor\" data-id=\"6e7668a\" data-element_type=\"widget\" data-e-type=\"widget\" data-settings=\"{&quot;_animation&quot;:&quot;fadeIn&quot;,&quot;_animation_delay&quot;:300,&quot;_animation_mobile&quot;:&quot;none&quot;}\" data-widget_type=\"text-editor.default\">\n\t\t\t\t<div class=\"elementor-widget-container\">\n\t\t\t\t\t\t\t\t\t<p>To be clear: Yes, we are a private company, and we need to make money. But beyond that, our Art X-Ray machines have a very high importance for us. Due to the different requirements of the customers, each Art X-Ray machine is unique, with its own very special characteristics and properties. Even before the final order is placed, we put a lot of thought into finding the best solution for the customer. And after the order has been placed, we invest a lot of energy in its implementation.<\/p>\n<p>At the end of this process, the machine is set up at the customer\u2019s site, and the first X-ray image is displayed on the monitor... this is always a very special moment for everyone involved: The first radiograph shows the customer that everything is working as desired (or perhaps even better) and the potential of the machine. That\u2019s when we see how excited the customer is about \u201cour baby\u201d. After that, of course, we are very interested in maintaining this enthusiasm for a long time through good after-sales service.<\/p>\t\t\t\t\t\t\t\t<\/div>\n\t\t\t\t<\/div>\n\t\t\t\t\t<\/div>\n\t\t<\/div>\n\t\t\t\t<div class=\"elementor-column elementor-col-50 elementor-inner-column elementor-element elementor-element-25851855\" data-id=\"25851855\" data-element_type=\"column\" data-e-type=\"column\">\n\t\t\t<div class=\"elementor-widget-wrap elementor-element-populated\">\n\t\t\t\t\t\t<div class=\"elementor-element elementor-element-2633833 elementor-invisible elementor-widget elementor-widget-image\" data-id=\"2633833\" data-element_type=\"widget\" data-e-type=\"widget\" data-settings=\"{&quot;_animation&quot;:&quot;fadeIn&quot;,&quot;_animation_delay&quot;:500,&quot;_animation_mobile&quot;:&quot;none&quot;}\" data-widget_type=\"image.default\">\n\t\t\t\t<div class=\"elementor-widget-container\">\n\t\t\t\t\t\t\t\t\t\t\t\t\t\t\t<img fetchpriority=\"high\" decoding=\"async\" width=\"600\" height=\"900\" src=\"https:\/\/artxray.com\/wp-content\/uploads\/2022\/10\/Konstruktion-1.jpg\" class=\"attachment-large size-large wp-image-1577\" alt=\"Construction of an X-ray system on a PC\" srcset=\"https:\/\/artxray.com\/wp-content\/uploads\/2022\/10\/Konstruktion-1.jpg 600w, https:\/\/artxray.com\/wp-content\/uploads\/2022\/10\/Konstruktion-1-200x300.jpg 200w\" sizes=\"(max-width: 600px) 100vw, 600px\" \/>\t\t\t\t\t\t\t\t\t\t\t\t\t\t\t<\/div>\n\t\t\t\t<\/div>\n\t\t\t\t<div class=\"elementor-element elementor-element-2addab55 elementor-widget elementor-widget-text-editor\" data-id=\"2addab55\" data-element_type=\"widget\" data-e-type=\"widget\" data-settings=\"{&quot;_animation_mobile&quot;:&quot;none&quot;}\" data-widget_type=\"text-editor.default\">\n\t\t\t\t<div class=\"elementor-widget-container\">\n\t\t\t\t\t\t\t\t\tConstruction of a new machine on the computer\t\t\t\t\t\t\t\t<\/div>\n\t\t\t\t<\/div>\n\t\t\t\t\t<\/div>\n\t\t<\/div>\n\t\t\t\t\t<\/div>\n\t\t<\/section>\n\t\t\t\t\t<\/div>\n\t\t<\/div>\n\t\t\t\t\t<\/div>\n\t\t<\/section>\n\t\t\t\t<\/div>","protected":false},"excerpt":{"rendered":"<p>Unsere Geschichte Die Firma NTB elektronische Ger\u00e4te GmbH wurde 1995 gegr\u00fcndet und befasst sich seit dem mit der Entwicklung und Produktion digitaler R\u00f6ntgenzeilenkameras und R\u00f6ntgenscanner. Diese werden weltweit von Systemintegratoren und Maschinenbauern als Teilkomponenten f\u00fcr R\u00f6ntgenanlagen eingesetzt. Die NTB XRAY GmbH entstand im Jahr 2004 als Spin-Off der NTB elektronischen Ger\u00e4te GmbH. Basierend auf den [&hellip;]<\/p>\n","protected":false},"author":1,"featured_media":0,"parent":0,"menu_order":0,"comment_status":"closed","ping_status":"closed","template":"elementor_header_footer","meta":{"footnotes":""},"class_list":["post-445","page","type-page","status-publish","hentry"],"_links":{"self":[{"href":"https:\/\/artxray.com\/en\/wp-json\/wp\/v2\/pages\/445","targetHints":{"allow":["GET"]}}],"collection":[{"href":"https:\/\/artxray.com\/en\/wp-json\/wp\/v2\/pages"}],"about":[{"href":"https:\/\/artxray.com\/en\/wp-json\/wp\/v2\/types\/page"}],"author":[{"embeddable":true,"href":"https:\/\/artxray.com\/en\/wp-json\/wp\/v2\/users\/1"}],"replies":[{"embeddable":true,"href":"https:\/\/artxray.com\/en\/wp-json\/wp\/v2\/comments?post=445"}],"version-history":[{"count":0,"href":"https:\/\/artxray.com\/en\/wp-json\/wp\/v2\/pages\/445\/revisions"}],"wp:attachment":[{"href":"https:\/\/artxray.com\/en\/wp-json\/wp\/v2\/media?parent=445"}],"curies":[{"name":"wp","href":"https:\/\/api.w.org\/{rel}","templated":true}]}}